{"id":2497,"date":"2013-10-02T00:00:00","date_gmt":"2013-10-01T21:00:00","guid":{"rendered":"http:\/\/afrus.ru\/togliatti\/devenez-membre-de-l-alliance-fran-aise-de-togliatti\/"},"modified":"2021-06-22T12:44:13","modified_gmt":"2021-06-22T09:44:13","slug":"devenez-membre-de-l-alliance-fran-aise-de-togliatti","status":"publish","type":"page","link":"https:\/\/afrus.ru\/togliatti\/fr\/le-principal\/qui-sommes-nous\/devenez-membre-de-l-alliance-fran-aise-de-togliatti\/","title":{"rendered":"Devenez membre de l\u2019Alliance Fran\u00e7aise de Togliatti !"},"content":{"rendered":"<h2 style=\"margin: 10px 0px;font-family: Georgia, 'Times New Roman', Times, serif;line-height: 30px;color: #e2001a;font-size: 1.4em;font-style: italic;clear: left\"><img decoding=\"async\" src=\"\/togliatti\/sites\/afrus.ru.togliatti\/files\/fichiers\/chlenstvo_copy.jpg\" border=\"0\" alt=\"\"><\/h2>\n<h2 style=\"margin: 10px 0px;font-family: Georgia, 'Times New Roman', Times, serif;line-height: 30px;color: #e2001a;font-size: 1.4em;font-style: italic;clear: left\">&nbsp;<\/h2>\n<p>Devenez membre de l\u2019Alliance Fran\u00e7aise de Togliatti&nbsp;!<\/p>\n<div>\u2022<span class=\"Apple-tab-span\"> <\/span>Usage &nbsp;gratuit des ressources du Centre informatique de l\u2019\u00ab AFT \u00bb &#8212; lire la litt\u00e9rature fran\u00e7aise et des originaux de la presse, faire connaissance avec des \u00e9crivains francophones actuels, regarder des films et des \u00e9missions en fran\u00e7ais, etc.<\/div>\n<div>\u2022<span class=\"Apple-tab-span\"> <\/span>Participation gratuite au Club de conversation \u2013 &nbsp;possibilit\u00e9 d\u2019am\u00e9liorer son fran\u00e7ais et d\u2019en apprendre toujours plus sur les traditions, la culture, la vie en France et dans les pays francophones.<\/div>\n<div>\u2022<span class=\"Apple-tab-span\"> <\/span>R\u00e9ception de l\u2019information actuelle sur les diff\u00e9rentes activit\u00e9s de l\u2019\u00ab AFT \u00bb &nbsp;et de ses partenaires.<\/div>\n<div>\u2022<span class=\"Apple-tab-span\"> <\/span>R\u00e9ductions pour de nombreux \u00e9v\u00e9nements &nbsp;de l\u2019\u00ab AFT \u00bb.<\/div>\n<div><strong><span style=\"color: #336699;font-family: Georgia, 'Times New Roman', Times, serif;font-size: 1.2em;font-style: italic;line-height: 25px\">Les obligations des membres du club :<\/span><\/strong><\/div>\n<div>\u2022<span class=\"Apple-tab-span\"> <\/span>Participer aux r\u00e9unions &nbsp;des membres du club.<\/div>\n<div>\u2022<span class=\"Apple-tab-span\"> <\/span>Payer la cotisation annuelle fix\u00e9e par la R\u00e9union commune des membres du club.<\/div>\n<div>\u2022<span class=\"Apple-tab-span\"> <\/span>S\u2019engager &nbsp;pour la promotion du fran\u00e7ais \u00e0 Togliatti selon ses possibilit\u00e9s.&nbsp;<\/div>\n<div>\n<p style=\"line-height: 24px;font-size: 1.1em\"><strong style=\"color: #222222;font-family: Arial, Verdana, sans-serif;font-size: 12px;line-height: normal\"><span style=\"color: #336699;font-family: Georgia, 'Times New Roman', Times, serif;font-size: 1.2em;font-style: italic;line-height: 25px\">Pour devenir membre du Club des Amis de la France, il faut:<\/span><\/strong><\/p>\n<\/div>\n<div>&#8212;<span class=\"Apple-tab-span\"> <\/span>Remplir la fiche d\u2019inscription.<\/div>\n<div>&#8212;<span class=\"Apple-tab-span\"> <\/span>Payer la cotisation de 3000 roubles (1500 roubles pour les professeurs, les \u00e9tudiants, les retrait\u00e9s et les personnes \u00e0 la recherche d\u2019un emploi).<\/div>\n<div>&nbsp;<\/div>\n<p style=\"margin: 0px 0px 10px;font-size: 1.1em;line-height: 24px;color: #333333;font-family: Georgia, 'Times New Roman', Times, serif\"><strong>Nous vous attendons avec impatience !<\/strong><\/p>\n<p style=\"margin: 0px 0px 10px;font-size: 1.1em;line-height: 24px;color: #333333;font-family: Georgia, 'Times New Roman', Times, serif\">&nbsp;<\/p>\n<div>Pour toute information suppl\u00e9mentaire :<\/div>\n<div>Bureau 221,<\/div>\n<div>29, Rue Iubileynaya<\/div>\n<div>T\u00e9l. : (8482)31-83-77<\/div>\n<div>e-mail : togliatti@afrus.ru<\/div>\n<div>web : www.afrus.ru\/togliatti<\/div>\n<div>&nbsp;<\/div>\n","protected":false},"excerpt":{"rendered":"<p>&nbsp; Devenez membre de l\u2019Alliance Fran\u00e7aise de Togliatti&nbsp;! \u2022 Usage &nbsp;gratuit des ressources du Centre informatique de l\u2019\u00ab AFT \u00bb &#8212; lire la litt\u00e9rature fran\u00e7aise et des originaux de la presse, faire connaissance avec des \u00e9crivains francophones actuels, regarder des films et des \u00e9missions en fran\u00e7ais, etc. \u2022 Participation gratuite au Club de conversation \u2013 [&hellip;]<\/p>\n","protected":false},"author":1,"featured_media":4581,"parent":4719,"menu_order":2,"comment_status":"closed","ping_status":"closed","template":"","meta":{"inline_featured_image":false,"footnotes":""},"class_list":["post-2497","page","type-page","status-publish","has-post-thumbnail","hentry"],"_links":{"self":[{"href":"https:\/\/afrus.ru\/togliatti\/wp-json\/wp\/v2\/pages\/2497"}],"collection":[{"href":"https:\/\/afrus.ru\/togliatti\/wp-json\/wp\/v2\/pages"}],"about":[{"href":"https:\/\/afrus.ru\/togliatti\/wp-json\/wp\/v2\/types\/page"}],"author":[{"embeddable":true,"href":"https:\/\/afrus.ru\/togliatti\/wp-json\/wp\/v2\/users\/1"}],"replies":[{"embeddable":true,"href":"https:\/\/afrus.ru\/togliatti\/wp-json\/wp\/v2\/comments?post=2497"}],"version-history":[{"count":2,"href":"https:\/\/afrus.ru\/togliatti\/wp-json\/wp\/v2\/pages\/2497\/revisions"}],"predecessor-version":[{"id":6421,"href":"https:\/\/afrus.ru\/togliatti\/wp-json\/wp\/v2\/pages\/2497\/revisions\/6421"}],"up":[{"embeddable":true,"href":"https:\/\/afrus.ru\/togliatti\/wp-json\/wp\/v2\/pages\/4719"}],"wp:featuredmedia":[{"embeddable":true,"href":"https:\/\/afrus.ru\/togliatti\/wp-json\/wp\/v2\/media\/4581"}],"wp:attachment":[{"href":"https:\/\/afrus.ru\/togliatti\/wp-json\/wp\/v2\/media?parent=2497"}],"curies":[{"name":"wp","href":"https:\/\/api.w.org\/{rel}","templated":true}]}}