{"id":2514,"date":"2019-03-15T00:00:00","date_gmt":"2019-03-14T21:00:00","guid":{"rendered":"http:\/\/afrus.ru\/togliatti\/culturetheque\/"},"modified":"2021-06-09T16:11:49","modified_gmt":"2021-06-09T13:11:49","slug":"culturetheque","status":"publish","type":"page","link":"https:\/\/afrus.ru\/togliatti\/fr\/le-principal\/la-langue-russe\/culturetheque\/","title":{"rendered":"Cultureth\u00e8que"},"content":{"rendered":"<p>Avec l&#8217;Alliance Fran\u00e7aise Togliatti, vous pouvez acc\u00e9der \u00e0 la plateforme de ressources en ligne &#171;Cultureth\u00e8que&#187;. Une mine d&#8217;information qui regroupe 70000 documents en langue fran\u00e7aise. Vous pouvez prendre 5 livres par mois en version \u00e9lectronique renouvelables et consulter vos documents sur cinq supports diff\u00e9rents avec un seul compte. L&#8217;abonnement \u00e0 l&#8217;ann\u00e9e co\u00fbte 300 roubles, 200 pour les apprenants de l&#8217;Alliance Fran\u00e7aise Togliatti. Pour vous inscrire, il vous suffit de remplir le formulaire d&#8217;inscription ci-dessous.<\/p>\n<p><a href=\"http:\/\/www.afrus.ru\/uploads\/general_files\/ville_15\/\u0410\u043d\u043a\u0435\u0442\u0430 \u043f\u043e\u043b\u044c\u0437\u043e\u0432\u0430\u0442\u0435\u043b\u044f_\u041a\u0443\u043b\u044c\u0442\u0443\u0440\u0442\u0435\u043a\u0430.pdf\">formulaire d&#8217;inscription<\/a><\/p>\n<p>Renvoyez le formulaire compl\u00e9t\u00e9 \u00e0 l&#8217;Alliance Fran\u00e7aise Togliati qui vous fournira un identifiant et mot de passe.<\/p>\n","protected":false},"excerpt":{"rendered":"<p>Avec l&#8217;Alliance Fran\u00e7aise Togliatti, vous pouvez acc\u00e9der \u00e0 la plateforme de ressources en ligne &#171;Cultureth\u00e8que&#187;. Une mine d&#8217;information qui regroupe 70000 documents en langue fran\u00e7aise. Vous pouvez prendre 5 livres par mois en version \u00e9lectronique renouvelables et consulter vos documents sur cinq supports diff\u00e9rents avec un seul compte. L&#8217;abonnement \u00e0 l&#8217;ann\u00e9e co\u00fbte 300 roubles, 200 [&hellip;]<\/p>\n","protected":false},"author":1,"featured_media":1839,"parent":6271,"menu_order":0,"comment_status":"closed","ping_status":"closed","template":"","meta":{"inline_featured_image":false,"footnotes":""},"class_list":["post-2514","page","type-page","status-publish","has-post-thumbnail","hentry"],"_links":{"self":[{"href":"https:\/\/afrus.ru\/togliatti\/wp-json\/wp\/v2\/pages\/2514"}],"collection":[{"href":"https:\/\/afrus.ru\/togliatti\/wp-json\/wp\/v2\/pages"}],"about":[{"href":"https:\/\/afrus.ru\/togliatti\/wp-json\/wp\/v2\/types\/page"}],"author":[{"embeddable":true,"href":"https:\/\/afrus.ru\/togliatti\/wp-json\/wp\/v2\/users\/1"}],"replies":[{"embeddable":true,"href":"https:\/\/afrus.ru\/togliatti\/wp-json\/wp\/v2\/comments?post=2514"}],"version-history":[{"count":2,"href":"https:\/\/afrus.ru\/togliatti\/wp-json\/wp\/v2\/pages\/2514\/revisions"}],"predecessor-version":[{"id":6293,"href":"https:\/\/afrus.ru\/togliatti\/wp-json\/wp\/v2\/pages\/2514\/revisions\/6293"}],"up":[{"embeddable":true,"href":"https:\/\/afrus.ru\/togliatti\/wp-json\/wp\/v2\/pages\/6271"}],"wp:featuredmedia":[{"embeddable":true,"href":"https:\/\/afrus.ru\/togliatti\/wp-json\/wp\/v2\/media\/1839"}],"wp:attachment":[{"href":"https:\/\/afrus.ru\/togliatti\/wp-json\/wp\/v2\/media?parent=2514"}],"curies":[{"name":"wp","href":"https:\/\/api.w.org\/{rel}","templated":true}]}}