{"id":2525,"date":"2009-10-01T00:00:00","date_gmt":"2009-09-30T21:00:00","guid":{"rendered":"http:\/\/afrus.ru\/togliatti\/testy-i-diplomy-po-frantsuzskomu-yazyku_837\/"},"modified":"2024-12-02T11:18:27","modified_gmt":"2024-12-02T08:18:27","slug":"testy-i-diplomy-po-frantsuzskomu-yazyku_837","status":"publish","type":"page","link":"https:\/\/afrus.ru\/togliatti\/quicksearch-administrativnye-dela\/testy-i-diplomy-po-frantsuzskomu-yazyku_837\/","title":{"rendered":"\u0422\u0435\u0441\u0442\u044b \u0438 \u0434\u0438\u043f\u043b\u043e\u043c\u044b \u043f\u043e \u0444\u0440\u0430\u043d\u0446\u0443\u0437\u0441\u043a\u043e\u043c\u0443 \u044f\u0437\u044b\u043a\u0443"},"content":{"rendered":"<h4 style=\"text-align: center\" align=\"center\"><span style=\"color: #333333;font-family: Georgia, 'Times New Roman', Times, serif;font-size: 15.3999996185303px;line-height: 24.6399993896484px\">\u00ab\u0410\u043b\u044c\u044f\u043d\u0441 \u0424\u0440\u0430\u043d\u0441\u0435\u0437\u00bb \u2014 \u0435\u0434\u0438\u043d\u0441\u0442\u0432\u0435\u043d\u043d\u044b\u0439 \u0432 \u0422\u043e\u043b\u044c\u044f\u0442\u0442\u0438 \u0446\u0435\u043d\u0442\u0440, \u043a\u043e\u0442\u043e\u0440\u044b\u0439 \u043d\u0430\u0434\u0435\u043b\u0435\u043d \u043f\u0440\u0430\u0432\u043e\u043c \u043f\u0440\u0438\u043d\u0438\u043c\u0430\u0442\u044c \u044d\u043a\u0437\u0430\u043c\u0435\u043d\u044b \u0438 \u0442\u0435\u0441\u0442\u044b, \u043f\u043e\u0437\u0432\u043e\u043b\u044f\u044e\u0449\u0438\u0435 \u043f\u043e\u043b\u0443\u0447\u0438\u0442\u044c \u0444\u0440\u0430\u043d\u0446\u0443\u0437\u0441\u043a\u0438\u0439 \u0414\u0438\u043f\u043b\u043e\u043c \u0438\u043b\u0438 \u0421\u0435\u0440\u0442\u0438\u0444\u0438\u043a\u0430\u0442 \u0433\u043e\u0441\u0443\u0434\u0430\u0440\u0441\u0442\u0432\u0435\u043d\u043d\u043e\u0433\u043e \u043e\u0431\u0440\u0430\u0437\u0446\u0430, \u0434\u0435\u0439\u0441\u0442\u0432\u0438\u0442\u0435\u043b\u044c\u043d\u044b\u0435 \u043d\u0435 \u0442\u043e\u043b\u044c\u043a\u043e \u0432\u043e \u0424\u0440\u0430\u043d\u0446\u0438\u0438, \u043d\u043e \u0438 \u0432\u043e \u0432\u0441\u0435\u043c \u043c\u0438\u0440\u0435.<\/span><\/h4>\n<p><img loading=\"lazy\" decoding=\"async\" src=\"http:\/\/www.afrus.ru\/uploads\/general_files\/ville_15\/zsUASA-2Lcg.jpg\" alt=\"\" width=\"399\" height=\"373\" border=\"0\" \/><\/p>\n<p><strong>\u0423\u0441\u043f\u0435\u0448\u043d\u0430\u044f \u0441\u0434\u0430\u0447\u0430 \u044d\u043a\u0437\u0430\u043c\u0435\u043d\u043e\u0432 DELF\/DALF \u0434\u0430\u0435\u0442 \u043f\u0440\u0430\u0432\u043e \u043d\u0430 \u043f\u043e\u043b\u0443\u0447\u0435\u043d\u0438\u0435 \u0434\u0438\u043f\u043b\u043e\u043c\u043e\u0432 \u043c\u0435\u0436\u0434\u0443\u043d\u0430\u0440\u043e\u0434\u043d\u043e\u0433\u043e \u043e\u0431\u0440\u0430\u0437\u0446\u0430 DELF\/DALF.<\/strong><\/p>\n<p>\u0414\u0438\u043f\u043b\u043e\u043c\u044b \u043d\u0430\u0447\u0430\u043b\u044c\u043d\u043e\u0433\u043e \u0437\u043d\u0430\u043d\u0438\u044f \u0444\u0440\u0430\u043d\u0446\u0443\u0437\u0441\u043a\u043e\u0433\u043e \u044f\u0437\u044b\u043a\u0430 (<em>Diplome d`Etudes en Langue Fran\u00e7aise \u2014 DELF<\/em>) \u0438 \u0443\u0433\u043b\u0443\u0431\u043b\u0435\u043d\u043d\u043e\u0433\u043e \u0437\u043d\u0430\u043d\u0438\u044f \u0444\u0440\u0430\u043d\u0446\u0443\u0437\u0441\u043a\u043e\u0433\u043e \u044f\u0437\u044b\u043a\u0430 (<em>Diplome Approfondi de Langue Fran\u00e7aise \u2014 DALF<\/em>) \u044f\u0432\u043b\u044f\u044e\u0442\u0441\u044f \u0435\u0434\u0438\u043d\u0441\u0442\u0432\u0435\u043d\u043d\u044b\u043c\u0438 \u0434\u0438\u043f\u043b\u043e\u043c\u0430\u043c\u0438, \u043f\u043e\u0434\u0442\u0432\u0435\u0440\u0436\u0434\u0430\u044e\u0449\u0438\u043c\u0438 \u0437\u043d\u0430\u043d\u0438\u0435 \u0444\u0440\u0430\u043d\u0446\u0443\u0437\u0441\u043a\u043e\u0433\u043e \u044f\u0437\u044b\u043a\u0430 \u043a\u0430\u043a \u0438\u043d\u043e\u0441\u0442\u0440\u0430\u043d\u043d\u043e\u0433\u043e, \u043a\u043e\u0442\u043e\u0440\u044b\u0435 \u043f\u0440\u0438\u0437\u043d\u0430\u044e\u0442\u0441\u044f \u041c\u0438\u043d\u0438\u0441\u0442\u0435\u0440\u0441\u0442\u0432\u043e\u043c \u043e\u0431\u0440\u0430\u0437\u043e\u0432\u0430\u043d\u0438\u044f \u0424\u0440\u0430\u043d\u0446\u0438\u0438.<\/p>\n<p>\u0421 01.09.2005\u0433. \u0442\u0435\u0441\u0442\u044b DELF\/DALF \u0431\u044b\u043b\u0438 \u043f\u0440\u0438\u0432\u0435\u0434\u0435\u043d\u044b \u0432 \u0441\u043e\u043e\u0442\u0432\u0435\u0442\u0441\u0442\u0432\u0438\u0435 \u0441\u043e \u0441\u0442\u0430\u043d\u0434\u0430\u0440\u0442\u0430\u043c\u0438 \u0421\u043e\u0432\u0435\u0442\u0430 \u0415\u0432\u0440\u043e\u043f\u044b (Cadre europ\u00e9en commun de r\u00e9f\u00e9rence pour les langues du Conseil de l\u2019Europe) \u0438 \u043d\u0430 \u0441\u0435\u0433\u043e\u0434\u043d\u044f\u0448\u043d\u0438\u0439 \u0434\u0435\u043d\u044c \u0441\u0443\u0449\u0435\u0441\u0442\u0432\u0443\u0435\u0442 \u0447\u0435\u0442\u044b\u0440\u0435 \u0443\u0440\u043e\u0432\u043d\u044f DELF: DELF A1, DELF A2, DELF B1, DELF B2 \u0438 \u0434\u0432\u0430 \u0443\u0440\u043e\u0432\u043d\u044f DALF: DALF C1 \u0438 DALF C2.<\/p>\n<p><strong>\u0412\u044b\u0448\u0435\u043d\u0430\u0437\u0432\u0430\u043d\u043d\u044b\u0435 \u0434\u0438\u043f\u043b\u043e\u043c\u044b:<\/strong><\/p>\n<p>\u00b7\u00a0\u00a0\u00a0\u00a0\u00a0\u00a0\u00a0\u00a0 \u043f\u0440\u0438\u0437\u043d\u0430\u044e\u0442\u0441\u044f \u043d\u0430 \u043c\u0435\u0436\u0434\u0443\u043d\u0430\u0440\u043e\u0434\u043d\u043e\u043c \u0443\u0440\u043e\u0432\u043d\u0435,<\/p>\n<p>\u00b7\u00a0\u00a0\u00a0\u00a0\u00a0\u00a0\u00a0\u00a0 \u0434\u0435\u0439\u0441\u0442\u0432\u0438\u0442\u0435\u043b\u044c\u043d\u044b \u0432\u0441\u044e \u0436\u0438\u0437\u043d\u044c,<\/p>\n<p>\u00b7\u00a0\u00a0\u00a0\u00a0\u00a0\u00a0\u00a0\u00a0 \u0434\u0430\u044e\u0442 \u043f\u0440\u0430\u0432\u043e \u043d\u0430 \u043f\u043e\u0441\u0442\u0443\u043f\u043b\u0435\u043d\u0438\u0435 \u0432 \u0432\u0443\u0437\u044b \u0424\u0440\u0430\u043d\u0446\u0438\u0438 (\u043d\u0430\u0447\u0438\u043d\u0430\u044f \u0441 \u0443\u0440\u043e\u0432\u043d\u044f B2),<\/p>\n<p>\u00b7\u00a0\u00a0\u00a0\u00a0\u00a0\u00a0\u00a0\u00a0 \u0434\u0430\u044e\u0442 \u043f\u0440\u0430\u0432\u043e \u043d\u0430 \u0442\u0440\u0443\u0434\u043e\u0443\u0441\u0442\u0440\u043e\u0439\u0441\u0442\u0432\u043e \u0432\u043e \u0424\u0440\u0430\u043d\u0446\u0438\u0438 \u0431\u0435\u0437 \u0441\u0434\u0430\u0447\u0438 \u0432\u0441\u0442\u0443\u043f\u0438\u0442\u0435\u043b\u044c\u043d\u043e\u0433\u043e \u044f\u0437\u044b\u043a\u043e\u0432\u043e\u0433\u043e \u0442\u0435\u0441\u0442\u0430.<\/p>\n<h3 style=\"margin-left: 49.65pt\">\u0414\u043b\u044f \u0437\u0430\u043f\u0438\u0441\u0438 \u043d\u0430 \u044d\u043a\u0437\u0430\u043c\u0435\u043d \u0412\u0430\u043c \u043d\u0435\u043e\u0431\u0445\u043e\u0434\u0438\u043c\u043e \u0437\u0430\u043f\u043e\u043b\u043d\u0438\u0442\u044c \u0430\u043d\u043a\u0435\u0442\u0443, \u0441\u043a\u0430\u0447\u0430\u0442\u044c \u0435\u0451 \u043c\u043e\u0436\u043d\u043e \u0437\u0434\u0435\u0441\u044c:\u00a0https:\/\/vk.com\/doc-9120743_533871977 \u0438 \u043e\u0442\u043f\u0440\u0430\u0432\u0438\u0442\u044c \u0435\u0435 \u043f\u043e \u044d\u043b\u0435\u043a\u0442\u0440\u043e\u043d\u043d\u043e\u043c\u0443 \u0430\u0434\u0440\u0435\u0441\u0443 cours.togliatti@afrus.ru &#8212; \u0438\u043b\u0438 \u043f\u0440\u0438\u043d\u0435\u0441\u0442\u0438 \u0437\u0430\u043f\u043e\u043b\u043d\u0435\u043d\u043d\u0443\u044e \u0430\u043d\u043a\u0435\u0442\u0443 \u0432 \u043e\u0444\u0438\u0441 &#171;\u0410\u043b\u044c\u044f\u043d\u0441 \u0424\u0440\u0430\u043d\u0441\u0435\u0437 \u0422\u043e\u043b\u044c\u044f\u0442\u0442\u0438&#187; \u00a0(\u042e\u0431\u0438\u043b\u0435\u0439\u043d\u0430\u044f, 29, 2 \u044d\u0442\u0430\u0436, \u043e\u0444.221) \u0434\u043b\u044f \u041d\u0430\u043b\u043e\u0431\u0438\u043d\u043e\u0439 \u0415\u043b\u0435\u043d\u044b \u0412\u0438\u043a\u0442\u043e\u0440\u043e\u0432\u043d\u044b.<\/h3>\n<h3 style=\"margin-left: 49.65pt\">\u0415\u0441\u043b\u0438 \u044d\u043a\u0437\u0430\u043c\u0435\u043d\u0443\u0435\u043c\u044b\u0439 \u0440\u0435\u0431\u0435\u043d\u043e\u043a, \u0442\u043e \u0430\u043d\u043a\u0435\u0442\u0430 \u0437\u0430\u043f\u043e\u043b\u043d\u044f\u0435\u0442\u0441\u044f \u0440\u043e\u0434\u0438\u0442\u0435\u043b\u0435\u043c.<\/h3>\n<h3 style=\"margin-left: 49.65pt\"><strong>\u0414\u043b\u044f \u043f\u043e\u043b\u0443\u0447\u0435\u043d\u0438\u044f \u0431\u043e\u043b\u0435\u0435 \u043f\u043e\u0434\u043e\u0431\u043d\u043e\u0439 \u0438\u043d\u0444\u043e\u0440\u043c\u0430\u0446\u0438\u0438, \u043e\u0431\u0440\u0430\u0449\u0430\u0439\u0442\u0435\u0441\u044c \u043f\u043e \u0442\u0435\u043b\u0435\u0444\u043e\u043d\u0443:\u00a0<\/strong><strong>+7 8482 <\/strong><strong>31-83-77,\u00a08\u00a0909-363-92-19<\/strong><\/h3>\n<h3>\u00a0<\/h3>\n<h2 style=\"text-align: center\"><span style=\"color: #333399\"><strong>\u0421\u0415\u0421\u0421\u0418\u0418 \u043d\u0430 2024 \u0433\u043e\u0434<\/strong><\/span><\/h2>\n\n\n<figure class=\"wp-block-image size-full\"><img loading=\"lazy\" decoding=\"async\" width=\"531\" height=\"809\" src=\"https:\/\/afrus.ru\/togliatti\/wp-content\/uploads\/sites\/38\/2024\/12\/kalendar-2025.png\" alt=\"\" class=\"wp-image-7568\" srcset=\"https:\/\/afrus.ru\/togliatti\/wp-content\/uploads\/sites\/38\/2024\/12\/kalendar-2025.png 531w, https:\/\/afrus.ru\/togliatti\/wp-content\/uploads\/sites\/38\/2024\/12\/kalendar-2025-197x300.png 197w\" sizes=\"(max-width: 531px) 100vw, 531px\" \/><\/figure>\n","protected":false},"excerpt":{"rendered":"<p>\u00ab\u0410\u043b\u044c\u044f\u043d\u0441 \u0424\u0440\u0430\u043d\u0441\u0435\u0437\u00bb \u2014 \u0435\u0434\u0438\u043d\u0441\u0442\u0432\u0435\u043d\u043d\u044b\u0439 \u0432 \u0422\u043e\u043b\u044c\u044f\u0442\u0442\u0438 \u0446\u0435\u043d\u0442\u0440, \u043a\u043e\u0442\u043e\u0440\u044b\u0439 \u043d\u0430\u0434\u0435\u043b\u0435\u043d \u043f\u0440\u0430\u0432\u043e\u043c \u043f\u0440\u0438\u043d\u0438\u043c\u0430\u0442\u044c \u044d\u043a\u0437\u0430\u043c\u0435\u043d\u044b \u0438 \u0442\u0435\u0441\u0442\u044b, \u043f\u043e\u0437\u0432\u043e\u043b\u044f\u044e\u0449\u0438\u0435 \u043f\u043e\u043b\u0443\u0447\u0438\u0442\u044c \u0444\u0440\u0430\u043d\u0446\u0443\u0437\u0441\u043a\u0438\u0439 \u0414\u0438\u043f\u043b\u043e\u043c \u0438\u043b\u0438 \u0421\u0435\u0440\u0442\u0438\u0444\u0438\u043a\u0430\u0442 \u0433\u043e\u0441\u0443\u0434\u0430\u0440\u0441\u0442\u0432\u0435\u043d\u043d\u043e\u0433\u043e \u043e\u0431\u0440\u0430\u0437\u0446\u0430, \u0434\u0435\u0439\u0441\u0442\u0432\u0438\u0442\u0435\u043b\u044c\u043d\u044b\u0435 \u043d\u0435 \u0442\u043e\u043b\u044c\u043a\u043e \u0432\u043e \u0424\u0440\u0430\u043d\u0446\u0438\u0438, \u043d\u043e \u0438 \u0432\u043e \u0432\u0441\u0435\u043c \u043c\u0438\u0440\u0435. \u0423\u0441\u043f\u0435\u0448\u043d\u0430\u044f \u0441\u0434\u0430\u0447\u0430 \u044d\u043a\u0437\u0430\u043c\u0435\u043d\u043e\u0432 DELF\/DALF \u0434\u0430\u0435\u0442 \u043f\u0440\u0430\u0432\u043e \u043d\u0430 \u043f\u043e\u043b\u0443\u0447\u0435\u043d\u0438\u0435 \u0434\u0438\u043f\u043b\u043e\u043c\u043e\u0432 \u043c\u0435\u0436\u0434\u0443\u043d\u0430\u0440\u043e\u0434\u043d\u043e\u0433\u043e \u043e\u0431\u0440\u0430\u0437\u0446\u0430 DELF\/DALF. \u0414\u0438\u043f\u043b\u043e\u043c\u044b \u043d\u0430\u0447\u0430\u043b\u044c\u043d\u043e\u0433\u043e \u0437\u043d\u0430\u043d\u0438\u044f \u0444\u0440\u0430\u043d\u0446\u0443\u0437\u0441\u043a\u043e\u0433\u043e \u044f\u0437\u044b\u043a\u0430 (Diplome d`Etudes en Langue Fran\u00e7aise \u2014 [&hellip;]<\/p>\n","protected":false},"author":1,"featured_media":7053,"parent":3388,"menu_order":0,"comment_status":"closed","ping_status":"closed","template":"","meta":{"inline_featured_image":false,"footnotes":""},"class_list":["post-2525","page","type-page","status-publish","has-post-thumbnail","hentry"],"_links":{"self":[{"href":"https:\/\/afrus.ru\/togliatti\/wp-json\/wp\/v2\/pages\/2525"}],"collection":[{"href":"https:\/\/afrus.ru\/togliatti\/wp-json\/wp\/v2\/pages"}],"about":[{"href":"https:\/\/afrus.ru\/togliatti\/wp-json\/wp\/v2\/types\/page"}],"author":[{"embeddable":true,"href":"https:\/\/afrus.ru\/togliatti\/wp-json\/wp\/v2\/users\/1"}],"replies":[{"embeddable":true,"href":"https:\/\/afrus.ru\/togliatti\/wp-json\/wp\/v2\/comments?post=2525"}],"version-history":[{"count":7,"href":"https:\/\/afrus.ru\/togliatti\/wp-json\/wp\/v2\/pages\/2525\/revisions"}],"predecessor-version":[{"id":7571,"href":"https:\/\/afrus.ru\/togliatti\/wp-json\/wp\/v2\/pages\/2525\/revisions\/7571"}],"up":[{"embeddable":true,"href":"https:\/\/afrus.ru\/togliatti\/wp-json\/wp\/v2\/pages\/3388"}],"wp:featuredmedia":[{"embeddable":true,"href":"https:\/\/afrus.ru\/togliatti\/wp-json\/wp\/v2\/media\/7053"}],"wp:attachment":[{"href":"https:\/\/afrus.ru\/togliatti\/wp-json\/wp\/v2\/media?parent=2525"}],"curies":[{"name":"wp","href":"https:\/\/api.w.org\/{rel}","templated":true}]}}