{"id":4719,"date":"2021-03-15T08:47:35","date_gmt":"2021-03-15T05:47:35","guid":{"rendered":"http:\/\/afrus.ru\/togliatti\/le-principal\/qui-sommes-nous\/"},"modified":"2021-06-09T16:14:39","modified_gmt":"2021-06-09T13:14:39","slug":"qui-sommes-nous","status":"publish","type":"page","link":"https:\/\/afrus.ru\/togliatti\/fr\/le-principal\/qui-sommes-nous\/","title":{"rendered":"Qui sommes-nous ?"},"content":{"rendered":"\n<h2 class=\"wp-block-heading\">Notre histoire<\/h2>\n\n\n\n<p>L\u2019Alliance Fran\u00e7aise de Togliatti a \u00e9t\u00e9 ouverte le 28 f\u00e9vrier 2003 gr\u00e2ce au soutien de l\u2019Ambassade de France en Russie et de la Mairie de Togliatti. Togliatti est la premi\u00e8re ville qui, sans \u00eatre capitale de sa r\u00e9gion, poss\u00e8de sa propre Alliance.<\/p>\n\n\n\n<p>L\u2019ouverture officielle de l\u2019Alliance Fran\u00e7aise de Togliatti a eu lieu le 28 f\u00e9vrier 2003, en pr\u00e9sence de repr\u00e9sentants de la mairie de Togliatti et de la soci\u00e9t\u00e9 par actions AVTOVAZ, de l\u2019Attach\u00e9 de coop\u00e9ration \u00e9ducative de l\u2019Ambassade de France en Russie, M. Pierre Barthe, et de nombreux autres invit\u00e9s&nbsp;\u00e9m\u00e9rites de Togliatti et de Samara.<\/p>\n\n\n\n<p>La premi\u00e8re Alliance Fran\u00e7aise fut cr\u00e9\u00e9e \u00e0 Paris en 1883 sous le statut de \u00ab&nbsp;fondation fran\u00e7aise de droit priv\u00e9 reconnue d\u2019utilit\u00e9 publique&nbsp;\u00bb. D\u00e8s lors et jusqu\u2019\u00e0 nos jours, sa mission est la promotion de la langue et de la culture fran\u00e7aise \u00e0 l\u2019\u00e9tranger.&nbsp;Dans les pays o\u00f9 il n\u2019y a pas de repr\u00e9sentation diplomatique de la R\u00e9publique fran\u00e7aise, l\u2019Alliance Fran\u00e7aise remplit cette mission. De nos jours, il existe dans le monde plus de 1100 comit\u00e9s Alliance Fran\u00e7aise.<\/p>\n\n\n\n<p>Le repr\u00e9sentant diplomatique de la France est, de droit, Pr\u00e9sident d\u2019honneur du Conseil d\u2019Administration de la Fondation Alliance Fran\u00e7aise.<\/p>\n\n\n\n<p>En Russie, la premi\u00e8re Alliance Fran\u00e7aise est apparue en 1909 \u00e0 Saint-P\u00e9tersbourg et a \u00e9t\u00e9 active jusqu\u2019\u00e0 la R\u00e9volution. Mais il aura fallu attendre jusqu\u2019au 3 juillet 2001 pour que le Pr\u00e9sident de la R\u00e9publique fran\u00e7aise et Pr\u00e9sident d\u2019honneur de la Fondation Alliance Fran\u00e7aise, M. Jacques Chirac, inaugure l\u2019Alliance&nbsp;Fran\u00e7aise de Samara, sous le parrainage du Secr\u00e9taire perp\u00e9tuel de l\u2019Acad\u00e9mie fran\u00e7aise &#8212; Mme H\u00e9l\u00e8ne Carr\u00e8re d\u2019Encausse. Ont \u00e9t\u00e9 ouvertes par la suite les Alliances Fran\u00e7aises d\u2019Ekat\u00e9rinbourg, de Novossibirsk, de Nizhny Novgorod, de Rostov-sur-le-Don et de Togliatti.<\/p>\n","protected":false},"excerpt":{"rendered":"<p>Notre histoire L\u2019Alliance Fran\u00e7aise de Togliatti a \u00e9t\u00e9 ouverte le 28 f\u00e9vrier 2003 gr\u00e2ce au soutien de l\u2019Ambassade de France en Russie et de la Mairie de Togliatti. Togliatti est la premi\u00e8re ville qui, sans \u00eatre capitale de sa r\u00e9gion, poss\u00e8de sa propre Alliance. L\u2019ouverture officielle de l\u2019Alliance Fran\u00e7aise de Togliatti a eu lieu le [&hellip;]<\/p>\n","protected":false},"author":11,"featured_media":4619,"parent":727,"menu_order":8,"comment_status":"closed","ping_status":"closed","template":"","meta":{"inline_featured_image":false,"footnotes":""},"class_list":["post-4719","page","type-page","status-publish","has-post-thumbnail","hentry"],"_links":{"self":[{"href":"https:\/\/afrus.ru\/togliatti\/wp-json\/wp\/v2\/pages\/4719"}],"collection":[{"href":"https:\/\/afrus.ru\/togliatti\/wp-json\/wp\/v2\/pages"}],"about":[{"href":"https:\/\/afrus.ru\/togliatti\/wp-json\/wp\/v2\/types\/page"}],"author":[{"embeddable":true,"href":"https:\/\/afrus.ru\/togliatti\/wp-json\/wp\/v2\/users\/11"}],"replies":[{"embeddable":true,"href":"https:\/\/afrus.ru\/togliatti\/wp-json\/wp\/v2\/comments?post=4719"}],"version-history":[{"count":2,"href":"https:\/\/afrus.ru\/togliatti\/wp-json\/wp\/v2\/pages\/4719\/revisions"}],"predecessor-version":[{"id":6294,"href":"https:\/\/afrus.ru\/togliatti\/wp-json\/wp\/v2\/pages\/4719\/revisions\/6294"}],"up":[{"embeddable":true,"href":"https:\/\/afrus.ru\/togliatti\/wp-json\/wp\/v2\/pages\/727"}],"wp:featuredmedia":[{"embeddable":true,"href":"https:\/\/afrus.ru\/togliatti\/wp-json\/wp\/v2\/media\/4619"}],"wp:attachment":[{"href":"https:\/\/afrus.ru\/togliatti\/wp-json\/wp\/v2\/media?parent=4719"}],"curies":[{"name":"wp","href":"https:\/\/api.w.org\/{rel}","templated":true}]}}