{"id":6280,"date":"2021-06-09T15:51:08","date_gmt":"2021-06-09T12:51:08","guid":{"rendered":"http:\/\/afrus.ru\/togliatti\/le-principal\/examens-de-langue-francaise\/delf-dalf\/"},"modified":"2021-06-09T15:51:09","modified_gmt":"2021-06-09T12:51:09","slug":"delf-dalf","status":"publish","type":"page","link":"https:\/\/afrus.ru\/togliatti\/fr\/le-principal\/examens-de-langue-francaise\/delf-dalf\/","title":{"rendered":"DELF\/DALF"},"content":{"rendered":"\n<p><strong>\u0422\u0435\u0441\u0442\u044b \u0438 \u0434\u0438\u043f\u043b\u043e\u043c\u044b \u043f\u043e \u0444\u0440\u0430\u043d\u0446\u0443\u0437\u0441\u043a\u043e\u043c\u0443 \u044f\u0437\u044b\u043a\u0443<\/strong><\/p>\n<p align=\"justify\">\u00ab\u0410\u043b\u044c\u044f\u043d\u0441 \u0424\u0440\u0430\u043d\u0441\u0435\u0437\u00bb \u2014 \u0435\u0434\u0438\u043d\u0441\u0442\u0432\u0435\u043d\u043d\u044b\u0439 \u0432 \u0422\u043e\u043b\u044c\u044f\u0442\u0442\u0438 \u0446\u0435\u043d\u0442\u0440, \u043a\u043e\u0442\u043e\u0440\u044b\u0439 \u043d\u0430\u0434\u0435\u043b\u0435\u043d \u043f\u0440\u0430\u0432\u043e\u043c \u043f\u0440\u0438\u043d\u0438\u043c\u0430\u0442\u044c \u044d\u043a\u0437\u0430\u043c\u0435\u043d\u044b \u0438 \u0442\u0435\u0441\u0442\u044b, \u043f\u043e\u0437\u0432\u043e\u043b\u044f\u044e\u0449\u0438\u0435 \u043f\u043e\u043b\u0443\u0447\u0438\u0442\u044c \u0444\u0440\u0430\u043d\u0446\u0443\u0437\u0441\u043a\u0438\u0439 \u0414\u0438\u043f\u043b\u043e\u043c \u0438\u043b\u0438 \u0421\u0435\u0440\u0442\u0438\u0444\u0438\u043a\u0430\u0442 \u0433\u043e\u0441\u0443\u0434\u0430\u0440\u0441\u0442\u0432\u0435\u043d\u043d\u043e\u0433\u043e \u043e\u0431\u0440\u0430\u0437\u0446\u0430, \u0434\u0435\u0439\u0441\u0442\u0432\u0438\u0442\u0435\u043b\u044c\u043d\u044b\u0435 \u043d\u0435 \u0442\u043e\u043b\u044c\u043a\u043e \u0432\u043e \u0424\u0440\u0430\u043d\u0446\u0438\u0438, \u043d\u043e \u0438 \u0432\u043e \u0432\u0441\u0435\u043c \u043c\u0438\u0440\u0435.<\/p>&#013;\n<p align=\"justify\">\u0414\u0438\u043f\u043b\u043e\u043c\u044b \u043d\u0430\u0447\u0430\u043b\u044c\u043d\u043e\u0433\u043e \u0437\u043d\u0430\u043d\u0438\u044f \u0444\u0440\u0430\u043d\u0446\u0443\u0437\u0441\u043a\u043e\u0433\u043e \u044f\u0437\u044b\u043a\u0430 (<em>Dipl\u00f4me d&#8217;Etudes en Langue Fran\u00e7aise \u2014 DELF<\/em>) \u0438 \u0443\u0433\u043b\u0443\u0431\u043b\u0435\u043d\u043d\u043e\u0433\u043e \u0437\u043d\u0430\u043d\u0438\u044f \u0444\u0440\u0430\u043d\u0446\u0443\u0437\u0441\u043a\u043e\u0433\u043e \u044f\u0437\u044b\u043a\u0430 (<em>Dipl\u00f4me Approfondi en Langue Fran\u00e7aise \u2014 DALF<\/em>) \u044f\u0432\u043b\u044f\u044e\u0442\u0441\u044f \u0435\u0434\u0438\u043d\u0441\u0442\u0432\u0435\u043d\u043d\u044b\u043c\u0438 \u0434\u0438\u043f\u043b\u043e\u043c\u0430\u043c\u0438, \u043f\u043e\u0434\u0442\u0432\u0435\u0440\u0436\u0434\u0430\u044e\u0449\u0438\u043c\u0438 \u0437\u043d\u0430\u043d\u0438\u0435 \u0444\u0440\u0430\u043d\u0446\u0443\u0437\u0441\u043a\u043e\u0433\u043e \u044f\u0437\u044b\u043a\u0430 \u043a\u0430\u043a \u0438\u043d\u043e\u0441\u0442\u0440\u0430\u043d\u043d\u043e\u0433\u043e, \u043a\u043e\u0442\u043e\u0440\u044b\u0435 \u043f\u0440\u0438\u0437\u043d\u0430\u044e\u0442\u0441\u044f \u041c\u0438\u043d\u0438\u0441\u0442\u0435\u0440\u0441\u0442\u0432\u043e\u043c \u043e\u0431\u0440\u0430\u0437\u043e\u0432\u0430\u043d\u0438\u044f \u0424\u0440\u0430\u043d\u0446\u0438\u0438.<\/p>&#013;\n\n<div style=\"height:20px\" aria-hidden=\"true\" class=\"wp-block-spacer\"><\/div>\n\n<div class=\"wp-block-media-text alignwide\"><figure class=\"wp-block-media-text__media\"><img loading=\"lazy\" decoding=\"async\" width=\"1024\" height=\"976\" src=\"http:\/\/afrus.ru\/togliatti\/wp-content\/uploads\/sites\/38\/2020\/09\/logo_examen-DELF-DALF-1-1024x976.jpg\" alt=\"\" class=\"wp-image-4435\" srcset=\"https:\/\/afrus.ru\/togliatti\/wp-content\/uploads\/sites\/38\/2020\/09\/logo_examen-DELF-DALF-1-1024x976.jpg 1024w, https:\/\/afrus.ru\/togliatti\/wp-content\/uploads\/sites\/38\/2020\/09\/logo_examen-DELF-DALF-1-300x286.jpg 300w, https:\/\/afrus.ru\/togliatti\/wp-content\/uploads\/sites\/38\/2020\/09\/logo_examen-DELF-DALF-1-768x732.jpg 768w, https:\/\/afrus.ru\/togliatti\/wp-content\/uploads\/sites\/38\/2020\/09\/logo_examen-DELF-DALF-1.jpg 1278w\" sizes=\"(max-width: 1024px) 100vw, 1024px\" \/><\/figure><div class=\"wp-block-media-text__content\">\n<h2 class=\"wp-block-heading\">\u0423\u0441\u043f\u0435\u0448\u043d\u0430\u044f \u0441\u0434\u0430\u0447\u0430 \u044d\u043a\u0437\u0430\u043c\u0435\u043d\u043e\u0432 DELF\/DALF \u0434\u0430\u0435\u0442 \u043f\u0440\u0430\u0432\u043e \u043d\u0430 \u043f\u043e\u043b\u0443\u0447\u0435\u043d\u0438\u0435\u00a0<strong>\u0434\u0438\u043f\u043b\u043e\u043c\u043e\u0432 \u043c\u0435\u0436\u0434\u0443\u043d\u0430\u0440\u043e\u0434\u043d\u043e\u0433\u043e \u043e\u0431\u0440\u0430\u0437\u0446\u0430 DELF\/DALF<\/strong>. <\/h2>\n<\/div><\/div>\n\n<div style=\"height:20px\" aria-hidden=\"true\" class=\"wp-block-spacer\"><\/div>\n<p align=\"justify\">\u0421 1 \u0441\u0435\u043d\u0442\u044f\u0431\u0440\u044f 2005 \u0433. \u0442\u0435\u0441\u0442\u044b DELF\/DALF \u0431\u044b\u043b\u0438 \u043f\u0440\u0438\u0432\u0435\u0434\u0435\u043d\u044b \u0432 \u0441\u043e\u043e\u0442\u0432\u0435\u0442\u0441\u0442\u0432\u0438\u0435 \u0441\u043e \u0441\u0442\u0430\u043d\u0434\u0430\u0440\u0442\u0430\u043c\u0438 \u0421\u043e\u0432\u0435\u0442\u0430 \u0415\u0432\u0440\u043e\u043f\u044b (Cadre europ\u00e9en commun de r\u00e9f\u00e9rence pour les langues du Conseil de l\u2019Europe) \u0438 \u043d\u0430 \u0441\u0435\u0433\u043e\u0434\u043d\u044f\u0448\u043d\u0438\u0439 \u0434\u0435\u043d\u044c \u0441\u0443\u0449\u0435\u0441\u0442\u0432\u0443\u0435\u0442 \u0447\u0435\u0442\u044b\u0440\u0435 \u0443\u0440\u043e\u0432\u043d\u044f DELF: DELF A1, DELF A2, DELF B1, DELF B2 \u0438 \u0434\u0432\u0430 \u0443\u0440\u043e\u0432\u043d\u044f DALF: DALF C1 \u0438 DALF C2.<\/p>&#013;\n\n<div style=\"height:20px\" aria-hidden=\"true\" class=\"wp-block-spacer\"><\/div>\n\n<h2 class=\"wp-block-heading\"><\/h2><p align=\"justify\">\u0414\u043b\u044f \u0437\u0430\u043f\u0438\u0441\u0438 \u043d\u0430 \u044d\u043a\u0437\u0430\u043c\u0435\u043d \u0412\u0430\u043c \u043d\u0435\u043e\u0431\u0445\u043e\u0434\u0438\u043c\u043e \u0437\u0430\u043f\u043e\u043b\u043d\u0438\u0442\u044c \u0430\u043d\u043a\u0435\u0442\u0443 (\u0441\u0441\u044b\u043b\u043a\u0430 \u043d\u0438\u0436\u0435) \u0438 \u043e\u0442\u043f\u0440\u0430\u0432\u0438\u0442\u044c \u0435\u0435 \u043f\u043e \u044d\u043b\u0435\u043a\u0442\u0440\u043e\u043d\u043d\u043e\u043c\u0443 \u0430\u0434\u0440\u0435\u0441\u0443 cours.togliatti@afrus.ru &#8212; \u0438\u043b\u0438 \u043f\u0440\u0438\u043d\u0435\u0441\u0442\u0438 \u0437\u0430\u043f\u043e\u043b\u043d\u0435\u043d\u043d\u0443\u044e \u0430\u043d\u043a\u0435\u0442\u0443 \u0432 \u043e\u0444\u0438\u0441 &#171;\u0410\u043b\u044c\u044f\u043d\u0441 \u0424\u0440\u0430\u043d\u0441\u0435\u0437 \u0422\u043e\u043b\u044c\u044f\u0442\u0442\u0438&#187; \u00a0(\u042e\u0431\u0438\u043b\u0435\u0439\u043d\u0430\u044f, 29, 2 \u044d\u0442\u0430\u0436, \u043e\u0444.221) \u0434\u043b\u044f \u041d\u0430\u043b\u043e\u0431\u0438\u043d\u043e\u0439 \u0415\u043b\u0435\u043d\u044b \u0412\u0438\u043a\u0442\u043e\u0440\u043e\u0432\u043d\u044b. \u0415\u0441\u043b\u0438 \u044d\u043a\u0437\u0430\u043c\u0435\u043d\u0443\u0435\u043c\u044b\u0439 &#8212;\u00a0 \u0440\u0435\u0431\u0435\u043d\u043e\u043a, \u0442\u043e \u0430\u043d\u043a\u0435\u0442\u0430 \u0437\u0430\u043f\u043e\u043b\u043d\u044f\u0435\u0442\u0441\u044f \u0440\u043e\u0434\u0438\u0442\u0435\u043b\u0435\u043c.<\/p>\n","protected":false},"excerpt":{"rendered":"<p>\u0422\u0435\u0441\u0442\u044b \u0438 \u0434\u0438\u043f\u043b\u043e\u043c\u044b \u043f\u043e \u0444\u0440\u0430\u043d\u0446\u0443\u0437\u0441\u043a\u043e\u043c\u0443 \u044f\u0437\u044b\u043a\u0443 \u00ab\u0410\u043b\u044c\u044f\u043d\u0441 \u0424\u0440\u0430\u043d\u0441\u0435\u0437\u00bb \u2014 \u0435\u0434\u0438\u043d\u0441\u0442\u0432\u0435\u043d\u043d\u044b\u0439 \u0432 \u0422\u043e\u043b\u044c\u044f\u0442\u0442\u0438 \u0446\u0435\u043d\u0442\u0440, \u043a\u043e\u0442\u043e\u0440\u044b\u0439 \u043d\u0430\u0434\u0435\u043b\u0435\u043d \u043f\u0440\u0430\u0432\u043e\u043c \u043f\u0440\u0438\u043d\u0438\u043c\u0430\u0442\u044c \u044d\u043a\u0437\u0430\u043c\u0435\u043d\u044b \u0438 \u0442\u0435\u0441\u0442\u044b, \u043f\u043e\u0437\u0432\u043e\u043b\u044f\u044e\u0449\u0438\u0435 \u043f\u043e\u043b\u0443\u0447\u0438\u0442\u044c \u0444\u0440\u0430\u043d\u0446\u0443\u0437\u0441\u043a\u0438\u0439 \u0414\u0438\u043f\u043b\u043e\u043c \u0438\u043b\u0438 \u0421\u0435\u0440\u0442\u0438\u0444\u0438\u043a\u0430\u0442 \u0433\u043e\u0441\u0443\u0434\u0430\u0440\u0441\u0442\u0432\u0435\u043d\u043d\u043e\u0433\u043e \u043e\u0431\u0440\u0430\u0437\u0446\u0430, \u0434\u0435\u0439\u0441\u0442\u0432\u0438\u0442\u0435\u043b\u044c\u043d\u044b\u0435 \u043d\u0435 \u0442\u043e\u043b\u044c\u043a\u043e \u0432\u043e \u0424\u0440\u0430\u043d\u0446\u0438\u0438, \u043d\u043e \u0438 \u0432\u043e \u0432\u0441\u0435\u043c \u043c\u0438\u0440\u0435. &#013; \u0414\u0438\u043f\u043b\u043e\u043c\u044b \u043d\u0430\u0447\u0430\u043b\u044c\u043d\u043e\u0433\u043e \u0437\u043d\u0430\u043d\u0438\u044f \u0444\u0440\u0430\u043d\u0446\u0443\u0437\u0441\u043a\u043e\u0433\u043e \u044f\u0437\u044b\u043a\u0430 (Dipl\u00f4me d&#8217;Etudes en Langue Fran\u00e7aise \u2014 DELF) \u0438 \u0443\u0433\u043b\u0443\u0431\u043b\u0435\u043d\u043d\u043e\u0433\u043e \u0437\u043d\u0430\u043d\u0438\u044f \u0444\u0440\u0430\u043d\u0446\u0443\u0437\u0441\u043a\u043e\u0433\u043e [&hellip;]<\/p>\n","protected":false},"author":11,"featured_media":5738,"parent":6278,"menu_order":1,"comment_status":"closed","ping_status":"closed","template":"","meta":{"inline_featured_image":false,"footnotes":""},"class_list":["post-6280","page","type-page","status-publish","has-post-thumbnail","hentry"],"_links":{"self":[{"href":"https:\/\/afrus.ru\/togliatti\/wp-json\/wp\/v2\/pages\/6280"}],"collection":[{"href":"https:\/\/afrus.ru\/togliatti\/wp-json\/wp\/v2\/pages"}],"about":[{"href":"https:\/\/afrus.ru\/togliatti\/wp-json\/wp\/v2\/types\/page"}],"author":[{"embeddable":true,"href":"https:\/\/afrus.ru\/togliatti\/wp-json\/wp\/v2\/users\/11"}],"replies":[{"embeddable":true,"href":"https:\/\/afrus.ru\/togliatti\/wp-json\/wp\/v2\/comments?post=6280"}],"version-history":[{"count":1,"href":"https:\/\/afrus.ru\/togliatti\/wp-json\/wp\/v2\/pages\/6280\/revisions"}],"predecessor-version":[{"id":6281,"href":"https:\/\/afrus.ru\/togliatti\/wp-json\/wp\/v2\/pages\/6280\/revisions\/6281"}],"up":[{"embeddable":true,"href":"https:\/\/afrus.ru\/togliatti\/wp-json\/wp\/v2\/pages\/6278"}],"wp:featuredmedia":[{"embeddable":true,"href":"https:\/\/afrus.ru\/togliatti\/wp-json\/wp\/v2\/media\/5738"}],"wp:attachment":[{"href":"https:\/\/afrus.ru\/togliatti\/wp-json\/wp\/v2\/media?parent=6280"}],"curies":[{"name":"wp","href":"https:\/\/api.w.org\/{rel}","templated":true}]}}