{"id":6311,"date":"2021-06-09T16:52:57","date_gmt":"2021-06-09T13:52:57","guid":{"rendered":"http:\/\/afrus.ru\/togliatti\/?page_id=6311"},"modified":"2021-06-23T10:25:36","modified_gmt":"2021-06-23T07:25:36","slug":"decouvrez-l-oblast-de-samara","status":"publish","type":"page","link":"https:\/\/afrus.ru\/togliatti\/fr\/le-principal\/culture\/decouvrez-l-oblast-de-samara\/","title":{"rendered":"D\u00e9couvrez l&#8217;oblast de Samara"},"content":{"rendered":"\n<p>L&#8217;Alliance Fran\u00e7aise de Togliatti et son partenaire <a rel=\"noreferrer noopener\" aria-label=\"TogliattiVisitCenter (s\u2019ouvre dans un nouvel onglet)\" href=\"https:\/\/vk.com\/togliattivisitcentre\" target=\"_blank\">TogliattiVisitCenter<\/a> vous invitent \u00e0 d\u00e9couvrir la r\u00e9gion de Samara !<\/p>\n\n\n\n<hr class=\"wp-block-separator\" \/>\n\n\n\n<figure class=\"wp-block-embed-youtube wp-block-embed is-type-video is-provider-youtube wp-embed-aspect-16-9 wp-has-aspect-ratio\"><div class=\"wp-block-embed__wrapper\">\n<iframe loading=\"lazy\" title=\"Togliatti_Tourisme_fr\" width=\"500\" height=\"281\" src=\"https:\/\/www.youtube.com\/embed\/NsePyouD0tM?feature=oembed\" frameborder=\"0\" allow=\"accelerometer; autoplay; clipboard-write; encrypted-media; gyroscope; picture-in-picture; web-share\" referrerpolicy=\"strict-origin-when-cross-origin\" allowfullscreen><\/iframe>\n<\/div><\/figure>\n","protected":false},"excerpt":{"rendered":"<p>L&#8217;Alliance Fran\u00e7aise de Togliatti et son partenaire TogliattiVisitCenter vous invitent \u00e0 d\u00e9couvrir la r\u00e9gion de Samara !<\/p>\n","protected":false},"author":11,"featured_media":5340,"parent":4729,"menu_order":2,"comment_status":"closed","ping_status":"closed","template":"","meta":{"inline_featured_image":false,"footnotes":""},"class_list":["post-6311","page","type-page","status-publish","has-post-thumbnail","hentry"],"_links":{"self":[{"href":"https:\/\/afrus.ru\/togliatti\/wp-json\/wp\/v2\/pages\/6311"}],"collection":[{"href":"https:\/\/afrus.ru\/togliatti\/wp-json\/wp\/v2\/pages"}],"about":[{"href":"https:\/\/afrus.ru\/togliatti\/wp-json\/wp\/v2\/types\/page"}],"author":[{"embeddable":true,"href":"https:\/\/afrus.ru\/togliatti\/wp-json\/wp\/v2\/users\/11"}],"replies":[{"embeddable":true,"href":"https:\/\/afrus.ru\/togliatti\/wp-json\/wp\/v2\/comments?post=6311"}],"version-history":[{"count":6,"href":"https:\/\/afrus.ru\/togliatti\/wp-json\/wp\/v2\/pages\/6311\/revisions"}],"predecessor-version":[{"id":6436,"href":"https:\/\/afrus.ru\/togliatti\/wp-json\/wp\/v2\/pages\/6311\/revisions\/6436"}],"up":[{"embeddable":true,"href":"https:\/\/afrus.ru\/togliatti\/wp-json\/wp\/v2\/pages\/4729"}],"wp:featuredmedia":[{"embeddable":true,"href":"https:\/\/afrus.ru\/togliatti\/wp-json\/wp\/v2\/media\/5340"}],"wp:attachment":[{"href":"https:\/\/afrus.ru\/togliatti\/wp-json\/wp\/v2\/media?parent=6311"}],"curies":[{"name":"wp","href":"https:\/\/api.w.org\/{rel}","templated":true}]}}