{"id":6534,"date":"2021-06-23T14:24:59","date_gmt":"2021-06-23T11:24:59","guid":{"rendered":"http:\/\/afrus.ru\/togliatti\/le-principal\/partenariat\/traduction-amp-interpretariat\/traduction-de-documents-ecrits\/"},"modified":"2021-06-23T15:12:55","modified_gmt":"2021-06-23T12:12:55","slug":"traduction-de-documents-ecrits","status":"publish","type":"page","link":"https:\/\/afrus.ru\/togliatti\/fr\/le-principal\/partenariat\/traduction-amp-interpretariat\/traduction-de-documents-ecrits\/","title":{"rendered":"Traduction de documents \u00e9crits"},"content":{"rendered":"\n<h2 class=\"wp-block-heading\">Co\u00fbt de la prestation<\/h2>\n\n\n\n<div style=\"height:20px\" aria-hidden=\"true\" class=\"wp-block-spacer\"><\/div>\n\n\n\n<figure class=\"wp-block-table is-style-stripes\"><table class=\"\"><tbody><tr><td><strong>Type de service<\/strong><\/td><td><strong>Type d&#8217;unit\u00e9<\/strong><\/td><td><strong>Prix (en rouble)<\/strong> <\/td><\/tr><tr><td>Traduction de documents \u00e9crits :<br>&#8212; du fran\u00e7ais vers le russe<br>&#8212; du russe vers le fran\u00e7ais<\/td><td>1000 signes<\/td><td>900-00<\/td><\/tr><tr><td>Certification notariale<\/td><td>1 document ; <br>\u00e0 partir du 2nd document <\/td><td>1000-00 <br>800-00 <\/td><\/tr><tr><td>Certification par le sceau de l&#8217;organisation Alliance Fran\u00e7aise de Togliatti<br>(ne comprend pas le co\u00fbt de la v\u00e9rification)<\/td><td>1 document<\/td><td>500-00 <\/td><\/tr><\/tbody><\/table><\/figure>\n\n\n\n<div style=\"height:20px\" aria-hidden=\"true\" class=\"wp-block-spacer\"><\/div>\n\n\n\n<hr class=\"wp-block-separator is-style-dots\" \/>\n\n\n\n<div style=\"height:20px\" aria-hidden=\"true\" class=\"wp-block-spacer\"><\/div>\n\n\n\n<h4><em>Exemple de tarification<strong>d&#8217;une traduction \u00e9crite de documents<\/strong> <strong>depuis la langue russe vers la langue fran\u00e7aise<\/strong> <\/em><\/h4>\n\n\n\n<figure class=\"wp-block-table is-style-stripes\"><table class=\"\"><tbody><tr><td><b>Type de document<\/b><\/td><td><b>Nb. de signes<\/b><\/td><td><b>Prix (en rouble)<\/b><\/td><\/tr><tr><td>Acte de naissance<\/td><td>1500 signes<\/td><td>1350-00<\/td><\/tr><tr><td>Acte de naissance et<br>demande de citoyennet\u00e9<\/td><td>1800 signes<\/td><td>1620-00<\/td><\/tr><tr><td>Attestat<\/td><td>2000 signes<\/td><td>1800-00<\/td><\/tr><tr><td>Dipl\u00f4me d&#8217;\u00e9tudes sup\u00e9rieures<\/td><td>1300 signes<\/td><td>1170-00<\/td><\/tr><tr><td>Candidature pour des \u00e9tudes sup\u00e9rieures<\/td><td>5000 signes<\/td><td>4500-00<\/td><\/tr><tr><td>R\u00e9f\u00e9rences de formation universitaire<\/td><td>1000 signes<\/td><td>900-00<\/td><\/tr><tr><td>Acte de divorce<\/td><td>1500 signes<\/td><td>1350-00<\/td><\/tr><tr><td>Passeport<\/td><td>1500 signes<\/td><td>1350-00<\/td><\/tr><\/tbody><\/table><\/figure>\n","protected":false},"excerpt":{"rendered":"<p>Co\u00fbt de la prestation Type de service Type d&#8217;unit\u00e9 Prix (en rouble) Traduction de documents \u00e9crits :&#8212; du fran\u00e7ais vers le russe&#8212; du russe vers le fran\u00e7ais 1000 signes 900-00 Certification notariale 1 document ; \u00e0 partir du 2nd document 1000-00 800-00 Certification par le sceau de l&#8217;organisation Alliance Fran\u00e7aise de Togliatti(ne comprend pas le [&hellip;]<\/p>\n","protected":false},"author":11,"featured_media":1793,"parent":6287,"menu_order":1,"comment_status":"closed","ping_status":"closed","template":"","meta":{"inline_featured_image":false,"footnotes":""},"class_list":["post-6534","page","type-page","status-publish","has-post-thumbnail","hentry"],"_links":{"self":[{"href":"https:\/\/afrus.ru\/togliatti\/wp-json\/wp\/v2\/pages\/6534"}],"collection":[{"href":"https:\/\/afrus.ru\/togliatti\/wp-json\/wp\/v2\/pages"}],"about":[{"href":"https:\/\/afrus.ru\/togliatti\/wp-json\/wp\/v2\/types\/page"}],"author":[{"embeddable":true,"href":"https:\/\/afrus.ru\/togliatti\/wp-json\/wp\/v2\/users\/11"}],"replies":[{"embeddable":true,"href":"https:\/\/afrus.ru\/togliatti\/wp-json\/wp\/v2\/comments?post=6534"}],"version-history":[{"count":7,"href":"https:\/\/afrus.ru\/togliatti\/wp-json\/wp\/v2\/pages\/6534\/revisions"}],"predecessor-version":[{"id":6568,"href":"https:\/\/afrus.ru\/togliatti\/wp-json\/wp\/v2\/pages\/6534\/revisions\/6568"}],"up":[{"embeddable":true,"href":"https:\/\/afrus.ru\/togliatti\/wp-json\/wp\/v2\/pages\/6287"}],"wp:featuredmedia":[{"embeddable":true,"href":"https:\/\/afrus.ru\/togliatti\/wp-json\/wp\/v2\/media\/1793"}],"wp:attachment":[{"href":"https:\/\/afrus.ru\/togliatti\/wp-json\/wp\/v2\/media?parent=6534"}],"curies":[{"name":"wp","href":"https:\/\/api.w.org\/{rel}","templated":true}]}}