{"id":6547,"date":"2021-06-23T14:50:33","date_gmt":"2021-06-23T11:50:33","guid":{"rendered":"http:\/\/afrus.ru\/togliatti\/le-principal\/partenariat\/traduction-amp-interpretariat\/traduction-orale\/"},"modified":"2021-06-23T14:52:47","modified_gmt":"2021-06-23T11:52:47","slug":"traduction-orale","status":"publish","type":"page","link":"https:\/\/afrus.ru\/togliatti\/fr\/le-principal\/partenariat\/traduction-amp-interpretariat\/traduction-orale\/","title":{"rendered":"Traduction orale"},"content":{"rendered":"\n<h2 class=\"wp-block-heading\">Conditions g\u00e9n\u00e9rales<\/h2>\n\n\n\n<p>1\u00b0 le commanditaire doit fournir au traducteur le voyage aller et retour<\/p>\n\n\n\n<p>2\u00b0 le commanditaire doit fournir en avance toute information susceptible d&#8217;aider le traducteur dans son travail<\/p>\n\n\n\n<p>3\u00b0 la tarification couvre toute la dur\u00e9e pendant laquelle le traducteur est au service du commanditaire (que le traducteur effectue ou non la t\u00e2che du commanditaire, pendant le temps qu&#8217;il est sur le lieu de la mission, pendant qu&#8217;il est accompagn\u00e9 par le commanditaire ou son repr\u00e9sentant)<\/p>\n\n\n\n<div style=\"height:20px\" aria-hidden=\"true\" class=\"wp-block-spacer\"><\/div>\n\n\n\n<hr class=\"wp-block-separator\" \/>\n\n\n\n<h2 class=\"wp-block-heading\">Co\u00fbt de la prestation<\/h2>\n\n\n\n<div style=\"height:20px\" aria-hidden=\"true\" class=\"wp-block-spacer\"><\/div>\n\n\n\n<figure class=\"wp-block-table is-style-stripes\"><table class=\"\"><tbody><tr><td><strong>Type de service<\/strong> <\/td><td><strong>Type d&#8217;unit\u00e9<\/strong> <\/td><td><strong>Prix (en rouble)<\/strong>  <\/td><\/tr><tr><td>Fran\u00e7ais sp\u00e9cialis\u00e9 1-8 heure(s)<\/td><td>heure<\/td><td>950-00 <\/td><\/tr><tr><td>Fran\u00e7ais sp\u00e9cialis\u00e9 plus de 8 heures<\/td><td>heure<\/td><td>900-00<\/td><\/tr><\/tbody><\/table><\/figure>\n\n\n\n<div style=\"height:20px\" aria-hidden=\"true\" class=\"wp-block-spacer\"><\/div>\n\n\n\n<h4 class=\"wp-block-heading\">Le paiement couvre le nombre d&#8217;heures ayant \u00e9t\u00e9 au pr\u00e9alables convenues, m\u00eame en cas d&#8217;absence de travail impr\u00e9vue pour le traducteur<\/h4>\n\n\n\n<p><\/p>\n","protected":false},"excerpt":{"rendered":"<p>Conditions g\u00e9n\u00e9rales 1\u00b0 le commanditaire doit fournir au traducteur le voyage aller et retour 2\u00b0 le commanditaire doit fournir en avance toute information susceptible d&#8217;aider le traducteur dans son travail 3\u00b0 la tarification couvre toute la dur\u00e9e pendant laquelle le traducteur est au service du commanditaire (que le traducteur effectue ou non la t\u00e2che du [&hellip;]<\/p>\n","protected":false},"author":11,"featured_media":6476,"parent":6287,"menu_order":3,"comment_status":"closed","ping_status":"closed","template":"","meta":{"inline_featured_image":false,"footnotes":""},"class_list":["post-6547","page","type-page","status-publish","has-post-thumbnail","hentry"],"_links":{"self":[{"href":"https:\/\/afrus.ru\/togliatti\/wp-json\/wp\/v2\/pages\/6547"}],"collection":[{"href":"https:\/\/afrus.ru\/togliatti\/wp-json\/wp\/v2\/pages"}],"about":[{"href":"https:\/\/afrus.ru\/togliatti\/wp-json\/wp\/v2\/types\/page"}],"author":[{"embeddable":true,"href":"https:\/\/afrus.ru\/togliatti\/wp-json\/wp\/v2\/users\/11"}],"replies":[{"embeddable":true,"href":"https:\/\/afrus.ru\/togliatti\/wp-json\/wp\/v2\/comments?post=6547"}],"version-history":[{"count":4,"href":"https:\/\/afrus.ru\/togliatti\/wp-json\/wp\/v2\/pages\/6547\/revisions"}],"predecessor-version":[{"id":6552,"href":"https:\/\/afrus.ru\/togliatti\/wp-json\/wp\/v2\/pages\/6547\/revisions\/6552"}],"up":[{"embeddable":true,"href":"https:\/\/afrus.ru\/togliatti\/wp-json\/wp\/v2\/pages\/6287"}],"wp:featuredmedia":[{"embeddable":true,"href":"https:\/\/afrus.ru\/togliatti\/wp-json\/wp\/v2\/media\/6476"}],"wp:attachment":[{"href":"https:\/\/afrus.ru\/togliatti\/wp-json\/wp\/v2\/media?parent=6547"}],"curies":[{"name":"wp","href":"https:\/\/api.w.org\/{rel}","templated":true}]}}