{"id":6554,"date":"2021-06-23T15:00:13","date_gmt":"2021-06-23T12:00:13","guid":{"rendered":"http:\/\/afrus.ru\/togliatti\/le-principal\/partenariat\/traduction-amp-interpretariat\/conversations-telephoniques\/"},"modified":"2021-06-23T15:00:41","modified_gmt":"2021-06-23T12:00:41","slug":"conversations-telephoniques","status":"publish","type":"page","link":"https:\/\/afrus.ru\/togliatti\/fr\/le-principal\/partenariat\/traduction-amp-interpretariat\/conversations-telephoniques\/","title":{"rendered":"Conversations t\u00e9l\u00e9phoniques"},"content":{"rendered":"\n<h2 class=\"wp-block-heading\">Conditions g\u00e9n\u00e9rales<\/h2>\n\n\n\n<div style=\"height:20px\" aria-hidden=\"true\" class=\"wp-block-spacer\"><\/div>\n\n\n\n<p>1\u00b0 le taxi (aller et  retour) doit \u00eatre r\u00e9gl\u00e9 additionnellement<\/p>\n\n\n\n<p>2\u00b0 le service de traduction de conversations t\u00e9l\u00e9phoniques doit \u00eatre r\u00e9gl\u00e9 dans les 2 heures<\/p>\n\n\n\n<div style=\"height:20px\" aria-hidden=\"true\" class=\"wp-block-spacer\"><\/div>\n\n\n\n<hr class=\"wp-block-separator is-style-wide\" \/>\n\n\n\n<div style=\"height:20px\" aria-hidden=\"true\" class=\"wp-block-spacer\"><\/div>\n\n\n\n<h2 class=\"wp-block-heading\">Co\u00fbt de la prestation<\/h2>\n\n\n\n<div style=\"height:20px\" aria-hidden=\"true\" class=\"wp-block-spacer\"><\/div>\n\n\n\n<h3 class=\"wp-block-heading\">Au bureau de \u00ab l&#8217;Alliance Fran\u00e7aise de Togliatti \u00bb <\/h3>\n\n\n\n<figure class=\"wp-block-table is-style-stripes\"><table class=\"\"><tbody><tr><td> <strong>Type d&#8217;unit\u00e9<\/strong> <\/td><td><strong>Prix (en rouble)<\/strong><\/td><td><strong>Remarques<\/strong><\/td><\/tr><tr><td>Moins de 15 minutes<\/td><td>300-00 <\/td><td>Le client doit fournir la ligne t\u00e9l\u00e9phonique<\/td><\/tr><tr><td>Davantage, par tranche de 15 minutes<\/td><td>200-00 <\/td><td>Tarification par 15 minutes<\/td><\/tr><\/tbody><\/table><\/figure>\n\n\n\n<div style=\"height:46px\" aria-hidden=\"true\" class=\"wp-block-spacer\"><\/div>\n\n\n\n<h3 class=\"wp-block-heading\">Au bureau du commanditaire<\/h3>\n\n\n\n<figure class=\"wp-block-table is-style-stripes\"><table class=\"\"><tbody><tr><td><strong>Type d&#8217;unit\u00e9<\/strong> <\/td><td><strong>Prix (en rouble)<\/strong><\/td><td><strong>Remarques<\/strong><\/td><\/tr><tr><td>Moins de 30 minutes<\/td><td>650-00 <\/td><td><\/td><\/tr><tr><td>Davantage, par tranche de 15 minutes<\/td><td>150-00 <\/td><td>Tarification par 15 minutes<\/td><\/tr><\/tbody><\/table><\/figure>\n","protected":false},"excerpt":{"rendered":"<p>Conditions g\u00e9n\u00e9rales 1\u00b0 le taxi (aller et retour) doit \u00eatre r\u00e9gl\u00e9 additionnellement 2\u00b0 le service de traduction de conversations t\u00e9l\u00e9phoniques doit \u00eatre r\u00e9gl\u00e9 dans les 2 heures Co\u00fbt de la prestation Au bureau de \u00ab l&#8217;Alliance Fran\u00e7aise de Togliatti \u00bb Type d&#8217;unit\u00e9 Prix (en rouble) Remarques Moins de 15 minutes 300-00 Le client doit fournir [&hellip;]<\/p>\n","protected":false},"author":11,"featured_media":6483,"parent":6287,"menu_order":4,"comment_status":"closed","ping_status":"closed","template":"","meta":{"inline_featured_image":false,"footnotes":""},"class_list":["post-6554","page","type-page","status-publish","has-post-thumbnail","hentry"],"_links":{"self":[{"href":"https:\/\/afrus.ru\/togliatti\/wp-json\/wp\/v2\/pages\/6554"}],"collection":[{"href":"https:\/\/afrus.ru\/togliatti\/wp-json\/wp\/v2\/pages"}],"about":[{"href":"https:\/\/afrus.ru\/togliatti\/wp-json\/wp\/v2\/types\/page"}],"author":[{"embeddable":true,"href":"https:\/\/afrus.ru\/togliatti\/wp-json\/wp\/v2\/users\/11"}],"replies":[{"embeddable":true,"href":"https:\/\/afrus.ru\/togliatti\/wp-json\/wp\/v2\/comments?post=6554"}],"version-history":[{"count":3,"href":"https:\/\/afrus.ru\/togliatti\/wp-json\/wp\/v2\/pages\/6554\/revisions"}],"predecessor-version":[{"id":6557,"href":"https:\/\/afrus.ru\/togliatti\/wp-json\/wp\/v2\/pages\/6554\/revisions\/6557"}],"up":[{"embeddable":true,"href":"https:\/\/afrus.ru\/togliatti\/wp-json\/wp\/v2\/pages\/6287"}],"wp:featuredmedia":[{"embeddable":true,"href":"https:\/\/afrus.ru\/togliatti\/wp-json\/wp\/v2\/media\/6483"}],"wp:attachment":[{"href":"https:\/\/afrus.ru\/togliatti\/wp-json\/wp\/v2\/media?parent=6554"}],"curies":[{"name":"wp","href":"https:\/\/api.w.org\/{rel}","templated":true}]}}