{"id":6558,"date":"2021-06-23T15:01:55","date_gmt":"2021-06-23T12:01:55","guid":{"rendered":"http:\/\/afrus.ru\/togliatti\/le-principal\/partenariat\/traduction-amp-interpretariat\/correspondance-professionnelle-et-personnelle\/"},"modified":"2021-06-23T15:02:36","modified_gmt":"2021-06-23T12:02:36","slug":"correspondance-professionnelle-et-personnelle","status":"publish","type":"page","link":"https:\/\/afrus.ru\/togliatti\/fr\/le-principal\/partenariat\/traduction-amp-interpretariat\/correspondance-professionnelle-et-personnelle\/","title":{"rendered":"Correspondance professionnelle et personnelle"},"content":{"rendered":"\n<h2 class=\"wp-block-heading\">Co\u00fbt de la prestation<\/h2>\n\n\n\n<div style=\"height:20px\" aria-hidden=\"true\" class=\"wp-block-spacer\"><\/div>\n\n\n\n<figure class=\"wp-block-table is-style-stripes\"><table class=\"\"><tbody><tr><td><strong>Type de service<\/strong> <\/td><td><strong>Type d&#8217;unit\u00e9<\/strong><\/td><td><strong>Prix (en rouble)<\/strong>  <\/td><\/tr><tr><td>De la langue fran\u00e7aise vers la langue russe<\/td><td>1000 signes<\/td><td>600-00  <\/td><\/tr><tr><td>De la langue russe vers la langue fran\u00e7aise<\/td><td>1000 signes<\/td><td>600-00  <\/td><\/tr><\/tbody><\/table><\/figure>\n","protected":false},"excerpt":{"rendered":"<p>Co\u00fbt de la prestation Type de service Type d&#8217;unit\u00e9 Prix (en rouble) De la langue fran\u00e7aise vers la langue russe 1000 signes 600-00 De la langue russe vers la langue fran\u00e7aise 1000 signes 600-00<\/p>\n","protected":false},"author":11,"featured_media":6519,"parent":6287,"menu_order":5,"comment_status":"closed","ping_status":"closed","template":"","meta":{"inline_featured_image":false,"footnotes":""},"class_list":["post-6558","page","type-page","status-publish","has-post-thumbnail","hentry"],"_links":{"self":[{"href":"https:\/\/afrus.ru\/togliatti\/wp-json\/wp\/v2\/pages\/6558"}],"collection":[{"href":"https:\/\/afrus.ru\/togliatti\/wp-json\/wp\/v2\/pages"}],"about":[{"href":"https:\/\/afrus.ru\/togliatti\/wp-json\/wp\/v2\/types\/page"}],"author":[{"embeddable":true,"href":"https:\/\/afrus.ru\/togliatti\/wp-json\/wp\/v2\/users\/11"}],"replies":[{"embeddable":true,"href":"https:\/\/afrus.ru\/togliatti\/wp-json\/wp\/v2\/comments?post=6558"}],"version-history":[{"count":3,"href":"https:\/\/afrus.ru\/togliatti\/wp-json\/wp\/v2\/pages\/6558\/revisions"}],"predecessor-version":[{"id":6561,"href":"https:\/\/afrus.ru\/togliatti\/wp-json\/wp\/v2\/pages\/6558\/revisions\/6561"}],"up":[{"embeddable":true,"href":"https:\/\/afrus.ru\/togliatti\/wp-json\/wp\/v2\/pages\/6287"}],"wp:featuredmedia":[{"embeddable":true,"href":"https:\/\/afrus.ru\/togliatti\/wp-json\/wp\/v2\/media\/6519"}],"wp:attachment":[{"href":"https:\/\/afrus.ru\/togliatti\/wp-json\/wp\/v2\/media?parent=6558"}],"curies":[{"name":"wp","href":"https:\/\/api.w.org\/{rel}","templated":true}]}}